{"id":19790,"date":"2018-03-15T13:01:53","date_gmt":"2018-03-15T13:01:53","guid":{"rendered":"http:\/\/bridge187.qodeinteractive.com\/?page_id=4"},"modified":"2024-09-05T12:48:22","modified_gmt":"2024-09-05T15:48:22","slug":"home","status":"publish","type":"page","link":"https:\/\/iriberri.com.ar\/site\/","title":{"rendered":"Home"},"content":{"rendered":"<section class=\"wpb-content-wrapper\"><p>[vc_row css_animation=\u00bb\u00bb row_type=\u00bbrow\u00bb use_row_as_full_screen_section=\u00bbno\u00bb type=\u00bbfull_width\u00bb angled_section=\u00bbno\u00bb text_align=\u00bbleft\u00bb background_image_as_pattern=\u00bbwithout_pattern\u00bb css=\u00bb.vc_custom_1521194905659{background-color: #000000 !important;}\u00bb z_index=\u00bb\u00bb][vc_column][rev_slider_vc alias=\u00bbhome-slider\u00bb][\/vc_column][\/vc_row][vc_row css_animation=\u00bb\u00bb row_type=\u00bbrow\u00bb use_row_as_full_screen_section=\u00bbno\u00bb type=\u00bbgrid\u00bb angled_section=\u00bbno\u00bb text_align=\u00bbleft\u00bb background_image_as_pattern=\u00bbwithout_pattern\u00bb z_index=\u00bb\u00bb padding_top=\u00bb60&#8243; padding_bottom=\u00bb60&#8243;][vc_column width=\u00bb1\/4&#8243; offset=\u00bbvc_hidden-xs\u00bb][vc_single_image image=\u00bb19874&#8243; img_size=\u00bbmedium\u00bb alignment=\u00bbcenter\u00bb qode_css_animation=\u00bb\u00bb][\/vc_column][vc_column width=\u00bb3\/4&#8243;][vc_empty_space height=\u00bb30px\u00bb][vc_column_text]<\/p>\n<h6>LOS ACOMPA\u00d1AMOS<\/h6>\n<p>[\/vc_column_text][vc_empty_space height=\u00bb4px\u00bb][vc_column_text]<\/p>\n<h2>DESDE 1966<\/h2>\n<p>[\/vc_column_text][vc_empty_space height=\u00bb12px\u00bb][vc_column_text]NUESTRA EMPRESA FUE FUNDADA EN 1966 POR JUAN LEONCIO IRIBERRI, Y ESTA ORIENTADA FUNDAMENTALMENTE A BRINDAR SERVICIOS AL PRODUCTOR AGROPECUARIO.<br \/>\nCONTAMOS CON UN EQUIPO DE TRABAJO CAPACITADO PARA RESOLVER EN FORMA EFICIENTE, CORDIAL Y CON PROFUNDA VOCACI\u00d3N DE SERVICIOS, LAS DISTINTAS NECESIDADES DE LOS PRODUCTORES.[\/vc_column_text][vc_empty_space height=\u00bb62px\u00bb][\/vc_column][\/vc_row][vc_row css_animation=\u00bb\u00bb row_type=\u00bbrow\u00bb use_row_as_full_screen_section=\u00bbno\u00bb type=\u00bbfull_width\u00bb angled_section=\u00bbno\u00bb text_align=\u00bbleft\u00bb background_image_as_pattern=\u00bbwithout_pattern\u00bb][vc_column]<div class=\"qode-advanced-image-gallery  qode-aig-masonry-type qode-no-space  qode-image-behavior-zoom qode-aig-images-fixed\">\n\t<div class=\"qode-aig-inner qode-outer-space qode-aig-masonry qode-aig-four-columns\">\n\t\t<div class=\"qode-aig-grid-sizer\"><\/div>\n\t\t<div class=\"qode-aig-grid-gutter\"><\/div>\n\t\t\t\t\t\t\t\t<div class=\"qode-aig-image qode-item-space qode-aig-large-width-masonry-item\">\n\t\t\t\t<div class=\"qode-aig-image-inner\">\n\t\t\t\t\t\t\t\t\t\t\t<img loading=\"lazy\" decoding=\"async\" width=\"1000\" height=\"574\" src=\"https:\/\/iriberri.com.ar\/site\/wp-content\/uploads\/2023\/11\/iriberri-cebada-1.jpg\" class=\"attachment-full size-full\" alt=\"\" srcset=\"https:\/\/iriberri.com.ar\/site\/wp-content\/uploads\/2023\/11\/iriberri-cebada-1.jpg 1000w, https:\/\/iriberri.com.ar\/site\/wp-content\/uploads\/2023\/11\/iriberri-cebada-1-300x172.jpg 300w, https:\/\/iriberri.com.ar\/site\/wp-content\/uploads\/2023\/11\/iriberri-cebada-1-768x441.jpg 768w, https:\/\/iriberri.com.ar\/site\/wp-content\/uploads\/2023\/11\/iriberri-cebada-1-345x198.jpg 345w, https:\/\/iriberri.com.ar\/site\/wp-content\/uploads\/2023\/11\/iriberri-cebada-1-700x402.jpg 700w\" sizes=\"(max-width: 1000px) 100vw, 1000px\" \/>\t\t\t\t\t\t<span class=\"aig-gallery-hover\">\n\t\t\t\t\t\t\t\t\t\t\t\t\t<\/span>\n\t\t\t\t\t\t\t\t\t<\/div>\n\t\t\t<\/div>\n\t\t\t\t\t\t\t\t<div class=\"qode-aig-image qode-item-space qode-aig-default-masonry-item\">\n\t\t\t\t<div class=\"qode-aig-image-inner\">\n\t\t\t\t\t\t\t\t\t\t\t<img loading=\"lazy\" decoding=\"async\" width=\"1000\" height=\"1000\" src=\"https:\/\/iriberri.com.ar\/site\/wp-content\/uploads\/2024\/09\/mejor-cebada-2.jpg\" class=\"attachment-full size-full\" alt=\"\" srcset=\"https:\/\/iriberri.com.ar\/site\/wp-content\/uploads\/2024\/09\/mejor-cebada-2.jpg 1000w, https:\/\/iriberri.com.ar\/site\/wp-content\/uploads\/2024\/09\/mejor-cebada-2-300x300.jpg 300w, https:\/\/iriberri.com.ar\/site\/wp-content\/uploads\/2024\/09\/mejor-cebada-2-150x150.jpg 150w, https:\/\/iriberri.com.ar\/site\/wp-content\/uploads\/2024\/09\/mejor-cebada-2-768x768.jpg 768w, https:\/\/iriberri.com.ar\/site\/wp-content\/uploads\/2024\/09\/mejor-cebada-2-570x570.jpg 570w, https:\/\/iriberri.com.ar\/site\/wp-content\/uploads\/2024\/09\/mejor-cebada-2-500x500.jpg 500w, https:\/\/iriberri.com.ar\/site\/wp-content\/uploads\/2024\/09\/mejor-cebada-2-700x700.jpg 700w\" sizes=\"(max-width: 1000px) 100vw, 1000px\" \/>\t\t\t\t\t\t<span class=\"aig-gallery-hover\">\n\t\t\t\t\t\t\t\t\t\t\t\t\t<\/span>\n\t\t\t\t\t\t\t\t\t<\/div>\n\t\t\t<\/div>\n\t\t\t\t\t\t\t\t<div class=\"qode-aig-image qode-item-space qode-aig-default-masonry-item\">\n\t\t\t\t<div class=\"qode-aig-image-inner\">\n\t\t\t\t\t\t\t\t\t\t\t<img loading=\"lazy\" decoding=\"async\" width=\"1000\" height=\"1000\" src=\"https:\/\/iriberri.com.ar\/site\/wp-content\/uploads\/2023\/11\/iriberri-cebada-cervecera.jpg\" class=\"attachment-full size-full\" alt=\"\" srcset=\"https:\/\/iriberri.com.ar\/site\/wp-content\/uploads\/2023\/11\/iriberri-cebada-cervecera.jpg 1000w, https:\/\/iriberri.com.ar\/site\/wp-content\/uploads\/2023\/11\/iriberri-cebada-cervecera-300x300.jpg 300w, https:\/\/iriberri.com.ar\/site\/wp-content\/uploads\/2023\/11\/iriberri-cebada-cervecera-150x150.jpg 150w, https:\/\/iriberri.com.ar\/site\/wp-content\/uploads\/2023\/11\/iriberri-cebada-cervecera-768x768.jpg 768w, https:\/\/iriberri.com.ar\/site\/wp-content\/uploads\/2023\/11\/iriberri-cebada-cervecera-570x570.jpg 570w, https:\/\/iriberri.com.ar\/site\/wp-content\/uploads\/2023\/11\/iriberri-cebada-cervecera-500x500.jpg 500w, https:\/\/iriberri.com.ar\/site\/wp-content\/uploads\/2023\/11\/iriberri-cebada-cervecera-700x700.jpg 700w\" sizes=\"(max-width: 1000px) 100vw, 1000px\" \/>\t\t\t\t\t\t<span class=\"aig-gallery-hover\">\n\t\t\t\t\t\t\t\t\t\t\t\t\t<\/span>\n\t\t\t\t\t\t\t\t\t<\/div>\n\t\t\t<\/div>\n\t\t\t\t\t\t\t\t<div class=\"qode-aig-image qode-item-space qode-aig-default-masonry-item\">\n\t\t\t\t<div class=\"qode-aig-image-inner\">\n\t\t\t\t\t\t\t\t\t\t\t<img loading=\"lazy\" decoding=\"async\" width=\"1000\" height=\"1000\" src=\"https:\/\/iriberri.com.ar\/site\/wp-content\/uploads\/2023\/11\/iriberri-maiz.jpg\" class=\"attachment-full size-full\" alt=\"\" srcset=\"https:\/\/iriberri.com.ar\/site\/wp-content\/uploads\/2023\/11\/iriberri-maiz.jpg 1000w, https:\/\/iriberri.com.ar\/site\/wp-content\/uploads\/2023\/11\/iriberri-maiz-300x300.jpg 300w, https:\/\/iriberri.com.ar\/site\/wp-content\/uploads\/2023\/11\/iriberri-maiz-150x150.jpg 150w, https:\/\/iriberri.com.ar\/site\/wp-content\/uploads\/2023\/11\/iriberri-maiz-768x768.jpg 768w, https:\/\/iriberri.com.ar\/site\/wp-content\/uploads\/2023\/11\/iriberri-maiz-570x570.jpg 570w, https:\/\/iriberri.com.ar\/site\/wp-content\/uploads\/2023\/11\/iriberri-maiz-500x500.jpg 500w, https:\/\/iriberri.com.ar\/site\/wp-content\/uploads\/2023\/11\/iriberri-maiz-700x700.jpg 700w\" sizes=\"(max-width: 1000px) 100vw, 1000px\" \/>\t\t\t\t\t\t<span class=\"aig-gallery-hover\">\n\t\t\t\t\t\t\t\t\t\t\t\t\t<\/span>\n\t\t\t\t\t\t\t\t\t<\/div>\n\t\t\t<\/div>\n\t\t\t\t\t\t\t\t<div class=\"qode-aig-image qode-item-space qode-aig-default-masonry-item\">\n\t\t\t\t<div class=\"qode-aig-image-inner\">\n\t\t\t\t\t\t\t\t\t\t\t<img loading=\"lazy\" decoding=\"async\" width=\"1000\" height=\"1000\" src=\"https:\/\/iriberri.com.ar\/site\/wp-content\/uploads\/2023\/11\/desde-1966.jpg\" class=\"attachment-full size-full\" alt=\"\" srcset=\"https:\/\/iriberri.com.ar\/site\/wp-content\/uploads\/2023\/11\/desde-1966.jpg 1000w, https:\/\/iriberri.com.ar\/site\/wp-content\/uploads\/2023\/11\/desde-1966-300x300.jpg 300w, https:\/\/iriberri.com.ar\/site\/wp-content\/uploads\/2023\/11\/desde-1966-150x150.jpg 150w, https:\/\/iriberri.com.ar\/site\/wp-content\/uploads\/2023\/11\/desde-1966-768x768.jpg 768w, https:\/\/iriberri.com.ar\/site\/wp-content\/uploads\/2023\/11\/desde-1966-570x570.jpg 570w, https:\/\/iriberri.com.ar\/site\/wp-content\/uploads\/2023\/11\/desde-1966-500x500.jpg 500w, https:\/\/iriberri.com.ar\/site\/wp-content\/uploads\/2023\/11\/desde-1966-700x700.jpg 700w\" sizes=\"(max-width: 1000px) 100vw, 1000px\" \/>\t\t\t\t\t\t<span class=\"aig-gallery-hover\">\n\t\t\t\t\t\t\t\t\t\t\t\t\t<\/span>\n\t\t\t\t\t\t\t\t\t<\/div>\n\t\t\t<\/div>\n\t\t\t\t\t\t\t\t<div class=\"qode-aig-image qode-item-space qode-aig-large-width-masonry-item\">\n\t\t\t\t<div class=\"qode-aig-image-inner\">\n\t\t\t\t\t\t\t\t\t\t\t<img loading=\"lazy\" decoding=\"async\" width=\"1000\" height=\"573\" src=\"https:\/\/iriberri.com.ar\/site\/wp-content\/uploads\/2023\/11\/puerto-quequen-iriberri.jpg\" class=\"attachment-full size-full\" alt=\"\" srcset=\"https:\/\/iriberri.com.ar\/site\/wp-content\/uploads\/2023\/11\/puerto-quequen-iriberri.jpg 1000w, https:\/\/iriberri.com.ar\/site\/wp-content\/uploads\/2023\/11\/puerto-quequen-iriberri-300x172.jpg 300w, https:\/\/iriberri.com.ar\/site\/wp-content\/uploads\/2023\/11\/puerto-quequen-iriberri-768x440.jpg 768w, https:\/\/iriberri.com.ar\/site\/wp-content\/uploads\/2023\/11\/puerto-quequen-iriberri-345x198.jpg 345w, https:\/\/iriberri.com.ar\/site\/wp-content\/uploads\/2023\/11\/puerto-quequen-iriberri-700x401.jpg 700w\" sizes=\"(max-width: 1000px) 100vw, 1000px\" \/>\t\t\t\t\t\t<span class=\"aig-gallery-hover\">\n\t\t\t\t\t\t\t\t\t\t\t\t\t<\/span>\n\t\t\t\t\t\t\t\t\t<\/div>\n\t\t\t<\/div>\n\t\t\t<\/div>\n<\/div>[\/vc_column][\/vc_row][vc_row css_animation=\u00bb\u00bb row_type=\u00bbrow\u00bb use_row_as_full_screen_section=\u00bbno\u00bb type=\u00bbfull_width\u00bb angled_section=\u00bbno\u00bb text_align=\u00bbleft\u00bb background_image_as_pattern=\u00bbwithout_pattern\u00bb][vc_column][vc_empty_space][\/vc_column][\/vc_row][vc_row css_animation=\u00bb\u00bb row_type=\u00bbrow\u00bb use_row_as_full_screen_section=\u00bbno\u00bb type=\u00bbgrid\u00bb angled_section=\u00bbno\u00bb text_align=\u00bbleft\u00bb background_image_as_pattern=\u00bbwithout_pattern\u00bb z_index=\u00bb\u00bb anchor=\u00bbservicios\u00bb padding_bottom=\u00bb30&#8243;][vc_column width=\u00bb2\/3&#8243;][qode_elements_holder number_of_columns=\u00bbone_column\u00bb][qode_elements_holder_item advanced_animations=\u00bbno\u00bb item_padding=\u00bb94px 0 0 55px\u00bb item_padding_1280_1440=\u00bb60px 0 0 55px\u00bb item_padding_768_1024=\u00bb10px 0 0 55px\u00bb item_padding_600_768=\u00bb50px 0 0 0px\u00bb item_padding_480_600=\u00bb50px 0 0 0px\u00bb item_padding_480=\u00bb50px 0 0 0px\u00bb][vc_column_text]<\/p>\n<h6>PLANTA DE ACOPIO<\/h6>\n<p>[\/vc_column_text][vc_empty_space height=\u00bb4px\u00bb][vc_column_text]<\/p>\n<h2>CEREALES<\/h2>\n<p>[\/vc_column_text][vc_empty_space height=\u00bb12px\u00bb][vc_column_text]Nuestra planta de acopio y acondicionamiento de cereales esta ubicada en el acceso a la ciudad de Necochea. Esto permite vincularnos fluidamente con el sudeste de la provincia de Buenos Aires y Puerto Quequ\u00e9n, brindando los servicios de balanza, almacenaje, secado y zarandeo.[\/vc_column_text][vc_empty_space height=\u00bb62px\u00bb][\/qode_elements_holder_item][\/qode_elements_holder][\/vc_column][vc_column width=\u00bb1\/3&#8243;][qode_elements_holder number_of_columns=\u00bbone_column\u00bb][qode_elements_holder_item advanced_animations=\u00bbno\u00bb item_padding=\u00bb0 0 0 0&#8243;][vc_single_image image=\u00bb19838&#8243; img_size=\u00bbfull\u00bb alignment=\u00bbright\u00bb qode_css_animation=\u00bb\u00bb][\/qode_elements_holder_item][\/qode_elements_holder][\/vc_column][\/vc_row][vc_row css_animation=\u00bb\u00bb row_type=\u00bbrow\u00bb use_row_as_full_screen_section=\u00bbno\u00bb type=\u00bbgrid\u00bb angled_section=\u00bbno\u00bb text_align=\u00bbleft\u00bb background_image_as_pattern=\u00bbwithout_pattern\u00bb z_index=\u00bb\u00bb][vc_column width=\u00bb1\/3&#8243;][qode_elements_holder number_of_columns=\u00bbone_column\u00bb][qode_elements_holder_item advanced_animations=\u00bbno\u00bb item_padding=\u00bb0 0 0 0&#8243;][vc_single_image image=\u00bb19889&#8243; img_size=\u00bbfull\u00bb alignment=\u00bbright\u00bb qode_css_animation=\u00bb\u00bb][\/qode_elements_holder_item][\/qode_elements_holder][\/vc_column][vc_column width=\u00bb2\/3&#8243;][qode_elements_holder number_of_columns=\u00bbone_column\u00bb][qode_elements_holder_item advanced_animations=\u00bbno\u00bb item_padding=\u00bb94px 0 0 55px\u00bb item_padding_1280_1440=\u00bb60px 0 0 55px\u00bb item_padding_768_1024=\u00bb10px 0 0 55px\u00bb item_padding_600_768=\u00bb50px 0 0 0px\u00bb item_padding_480_600=\u00bb50px 0 0 0px\u00bb item_padding_480=\u00bb50px 0 0 0px\u00bb][vc_column_text]<\/p>\n<h6>TECNOLOG\u00cdA<\/h6>\n<p>[\/vc_column_text][vc_empty_space height=\u00bb4px\u00bb][vc_column_text]<\/p>\n<h2>INSUMOS<\/h2>\n<p>[\/vc_column_text][vc_empty_space height=\u00bb12px\u00bb][vc_column_text]Esta divisi\u00f3n nace con el fin de acompa\u00f1ar al productor en sus actividades, poniendo a su alcance los insumos que necesite, brindando una amplia variedad de servicios. Disponemos de productos de \u00faltima generaci\u00f3n para todos los cultivos difundidos en la regi\u00f3n.[\/vc_column_text][vc_empty_space height=\u00bb62px\u00bb][\/qode_elements_holder_item][\/qode_elements_holder][\/vc_column][\/vc_row][vc_row css_animation=\u00bb\u00bb row_type=\u00bbrow\u00bb use_row_as_full_screen_section=\u00bbno\u00bb type=\u00bbfull_width\u00bb angled_section=\u00bbno\u00bb text_align=\u00bbleft\u00bb background_image_as_pattern=\u00bbwithout_pattern\u00bb][vc_column][vc_empty_space][\/vc_column][\/vc_row][vc_row row_type=\u00bbparallax\u00bb parallax_content_width=\u00bbin_grid\u00bb text_align=\u00bbcenter\u00bb full_screen_section_height=\u00bbno\u00bb background_image=\u00bb19820&#8243;][vc_column][qode_elements_holder number_of_columns=\u00bbtwo_columns\u00bb][qode_elements_holder_item advanced_animations=\u00bbno\u00bb item_padding=\u00bb30px 0 72px 0&#8243;][vc_single_image image=\u00bb19883&#8243; img_size=\u00bbfull\u00bb alignment=\u00bbcenter\u00bb qode_css_animation=\u00bb\u00bb][\/qode_elements_holder_item][qode_elements_holder_item advanced_animations=\u00bbno\u00bb item_padding=\u00bb30px 0 72px 0&#8243;][vc_video link=\u00bbhttps:\/\/youtu.be\/0hGnx6ztMwU?si=gAmCa7PrVAFS4zkM\u00bb align=\u00bbright\u00bb][\/qode_elements_holder_item][\/qode_elements_holder][\/vc_column][\/vc_row]<\/p>\n<\/section>","protected":false},"excerpt":{"rendered":"<p>[vc_row css_animation=\u00bb\u00bb row_type=\u00bbrow\u00bb use_row_as_full_screen_section=\u00bbno\u00bb type=\u00bbfull_width\u00bb angled_section=\u00bbno\u00bb text_align=\u00bbleft\u00bb background_image_as_pattern=\u00bbwithout_pattern\u00bb css=\u00bb.vc_custom_1521194905659{background-color: #000000 !important;}\u00bb z_index=\u00bb\u00bb][vc_column][rev_slider_vc alias=\u00bbhome-slider\u00bb][\/vc_column][\/vc_row][vc_row css_animation=\u00bb\u00bb row_type=\u00bbrow\u00bb use_row_as_full_screen_section=\u00bbno\u00bb type=\u00bbgrid\u00bb angled_section=\u00bbno\u00bb text_align=\u00bbleft\u00bb background_image_as_pattern=\u00bbwithout_pattern\u00bb z_index=\u00bb\u00bb padding_top=\u00bb60&#8243; padding_bottom=\u00bb60&#8243;][vc_column width=\u00bb1\/4&#8243; offset=\u00bbvc_hidden-xs\u00bb][vc_single_image image=\u00bb19874&#8243; img_size=\u00bbmedium\u00bb alignment=\u00bbcenter\u00bb qode_css_animation=\u00bb\u00bb][\/vc_column][vc_column width=\u00bb3\/4&#8243;][vc_empty_space height=\u00bb30px\u00bb][vc_column_text] LOS ACOMPA\u00d1AMOS [\/vc_column_text][vc_empty_space height=\u00bb4px\u00bb][vc_column_text] DESDE 1966 [\/vc_column_text][vc_empty_space height=\u00bb12px\u00bb][vc_column_text]NUESTRA EMPRESA FUE FUNDADA EN 1966 POR&#8230;<\/p>\n","protected":false},"author":1,"featured_media":0,"parent":0,"menu_order":0,"comment_status":"closed","ping_status":"closed","template":"full_width.php","meta":{"footnotes":""},"_links":{"self":[{"href":"https:\/\/iriberri.com.ar\/site\/wp-json\/wp\/v2\/pages\/19790"}],"collection":[{"href":"https:\/\/iriberri.com.ar\/site\/wp-json\/wp\/v2\/pages"}],"about":[{"href":"https:\/\/iriberri.com.ar\/site\/wp-json\/wp\/v2\/types\/page"}],"author":[{"embeddable":true,"href":"https:\/\/iriberri.com.ar\/site\/wp-json\/wp\/v2\/users\/1"}],"replies":[{"embeddable":true,"href":"https:\/\/iriberri.com.ar\/site\/wp-json\/wp\/v2\/comments?post=19790"}],"version-history":[{"count":45,"href":"https:\/\/iriberri.com.ar\/site\/wp-json\/wp\/v2\/pages\/19790\/revisions"}],"predecessor-version":[{"id":19928,"href":"https:\/\/iriberri.com.ar\/site\/wp-json\/wp\/v2\/pages\/19790\/revisions\/19928"}],"wp:attachment":[{"href":"https:\/\/iriberri.com.ar\/site\/wp-json\/wp\/v2\/media?parent=19790"}],"curies":[{"name":"wp","href":"https:\/\/api.w.org\/{rel}","templated":true}]}}